{"id":119,"date":"2020-08-04T08:12:11","date_gmt":"2020-08-04T08:12:11","guid":{"rendered":"https:\/\/pebs.be\/our-produce\/"},"modified":"2023-10-04T07:27:22","modified_gmt":"2023-10-04T07:27:22","slug":"textiel","status":"publish","type":"page","link":"https:\/\/pebs.be\/fr\/textiel\/","title":{"rendered":"Textiles"},"content":{"rendered":"<div data-elementor-type=\"wp-page\" data-elementor-id=\"119\" class=\"elementor elementor-119\" data-elementor-post-type=\"page\">\n\t\t\t\t\t\t<section class=\"elementor-section elementor-top-section elementor-element elementor-element-32545f54 elementor-section-height-min-height elementor-section-boxed elementor-section-height-default elementor-section-items-middle\" data-id=\"32545f54\" data-element_type=\"section\" data-e-type=\"section\" data-settings=\"{&quot;background_background&quot;:&quot;classic&quot;}\">\n\t\t\t\t\t\t\t<div class=\"elementor-background-overlay\"><\/div>\n\t\t\t\t\t\t\t<div class=\"elementor-container elementor-column-gap-no\">\n\t\t\t\t\t<div class=\"elementor-column elementor-col-100 elementor-top-column elementor-element elementor-element-1c049f48\" data-id=\"1c049f48\" data-element_type=\"column\" data-e-type=\"column\">\n\t\t\t<div class=\"elementor-widget-wrap elementor-element-populated\">\n\t\t\t\t\t\t<div class=\"elementor-element elementor-element-58992347 elementor-widget elementor-widget-heading\" data-id=\"58992347\" data-element_type=\"widget\" data-e-type=\"widget\" data-widget_type=\"heading.default\">\n\t\t\t\t<div class=\"elementor-widget-container\">\n\t\t\t\t\t<h1 class=\"elementor-heading-title elementor-size-default\">V\u00eatements de seconde main<\/h1>\t\t\t\t<\/div>\n\t\t\t\t<\/div>\n\t\t\t\t\t<\/div>\n\t\t<\/div>\n\t\t\t\t\t<\/div>\n\t\t<\/section>\n\t\t\t\t<section class=\"elementor-section elementor-top-section elementor-element elementor-element-3835c51b elementor-section-boxed elementor-section-height-default elementor-section-height-default\" data-id=\"3835c51b\" data-element_type=\"section\" data-e-type=\"section\" id=\"over-ons\" data-settings=\"{&quot;background_background&quot;:&quot;classic&quot;}\">\n\t\t\t\t\t\t<div class=\"elementor-container elementor-column-gap-default\">\n\t\t\t\t\t<div class=\"elementor-column elementor-col-100 elementor-top-column elementor-element elementor-element-e7c80ad\" data-id=\"e7c80ad\" data-element_type=\"column\" data-e-type=\"column\">\n\t\t\t<div class=\"elementor-widget-wrap elementor-element-populated\">\n\t\t\t\t\t\t<div class=\"elementor-element elementor-element-1187ae43 elementor-widget elementor-widget-heading\" data-id=\"1187ae43\" data-element_type=\"widget\" data-e-type=\"widget\" data-widget_type=\"heading.default\">\n\t\t\t\t<div class=\"elementor-widget-container\">\n\t\t\t\t\t<h2 class=\"elementor-heading-title elementor-size-default\">A propos de nous<\/h2>\t\t\t\t<\/div>\n\t\t\t\t<\/div>\n\t\t\t\t<div class=\"elementor-element elementor-element-65f4261b elementor-widget elementor-widget-text-editor\" data-id=\"65f4261b\" data-element_type=\"widget\" data-e-type=\"widget\" data-widget_type=\"text-editor.default\">\n\t\t\t\t<div class=\"elementor-widget-container\">\n\t\t\t\t\t\t\t\t\t<p>Le groupe PEBS est l'un des plus grands acheteurs de v\u00eatements et de chaussures de seconde main en Belgique.<br \/>Notre si\u00e8ge social est situ\u00e9 \u00e0 Hamont, en Belgique<\/p><p>Gr\u00e2ce \u00e0 notre longue exp\u00e9rience dans le secteur textile, nous pouvons toujours offrir \u00e0 nos clients des produits de haute qualit\u00e9.<\/p><p>Chaque v\u00eatement est soigneusement inspect\u00e9 et v\u00e9rifi\u00e9 par notre \u00e9quipe de collaborateurs exp\u00e9riment\u00e9s.<br \/>Ce faisant, nous contribuons ensemble \u00e0 r\u00e9duire la montagne de d\u00e9chets et \u00e0 donner une nouvelle vie \u00e0 chaque v\u00eatement.<\/p>\t\t\t\t\t\t\t\t<\/div>\n\t\t\t\t<\/div>\n\t\t\t\t<div class=\"elementor-element elementor-element-a6a3c52 elementor-widget elementor-widget-gallery\" data-id=\"a6a3c52\" data-element_type=\"widget\" data-e-type=\"widget\" data-settings=\"{&quot;gallery_layout&quot;:&quot;masonry&quot;,&quot;lazyload&quot;:&quot;yes&quot;,&quot;columns&quot;:4,&quot;columns_tablet&quot;:2,&quot;columns_mobile&quot;:1,&quot;gap&quot;:{&quot;unit&quot;:&quot;px&quot;,&quot;size&quot;:10,&quot;sizes&quot;:[]},&quot;gap_tablet&quot;:{&quot;unit&quot;:&quot;px&quot;,&quot;size&quot;:10,&quot;sizes&quot;:[]},&quot;gap_mobile&quot;:{&quot;unit&quot;:&quot;px&quot;,&quot;size&quot;:10,&quot;sizes&quot;:[]},&quot;link_to&quot;:&quot;file&quot;,&quot;overlay_background&quot;:&quot;yes&quot;,&quot;content_hover_animation&quot;:&quot;fade-in&quot;}\" data-widget_type=\"gallery.default\">\n\t\t\t\t<div class=\"elementor-widget-container\">\n\t\t\t\t\t\t\t<div class=\"elementor-gallery__container\">\n\t\t\t\t\t\t\t<a class=\"e-gallery-item elementor-gallery-item elementor-animated-content\" href=\"https:\/\/pebs.be\/wp-content\/uploads\/2023\/07\/20171123_173121.jpg\" data-elementor-open-lightbox=\"yes\" data-elementor-lightbox-slideshow=\"a6a3c52\" data-elementor-lightbox-title=\"20171123_173121\" data-e-action-hash=\"#elementor-action%3Aaction%3Dlightbox%26settings%3DeyJpZCI6MTgyMiwidXJsIjoiaHR0cHM6XC9cL3BlYnMuYmVcL3dwLWNvbnRlbnRcL3VwbG9hZHNcLzIwMjNcLzA3XC8yMDE3MTEyM18xNzMxMjEuanBnIiwic2xpZGVzaG93IjoiYTZhM2M1MiJ9\">\n\t\t\t\t\t<div class=\"e-gallery-image elementor-gallery-item__image\" data-thumbnail=\"https:\/\/pebs.be\/wp-content\/uploads\/2023\/07\/20171123_173121-1024x768.jpg\" data-width=\"1024\" data-height=\"768\" aria-label=\"\" role=\"img\" ><\/div>\n\t\t\t\t\t\t\t\t\t\t\t<div class=\"elementor-gallery-item__overlay\"><\/div>\n\t\t\t\t\t\t\t\t\t\t\t\t\t\t<\/a>\n\t\t\t\t\t\t\t<a class=\"e-gallery-item elementor-gallery-item elementor-animated-content\" href=\"https:\/\/pebs.be\/wp-content\/uploads\/2023\/07\/20180305_085745.jpg\" data-elementor-open-lightbox=\"yes\" data-elementor-lightbox-slideshow=\"a6a3c52\" data-elementor-lightbox-title=\"20180305_085745\" data-e-action-hash=\"#elementor-action%3Aaction%3Dlightbox%26settings%3DeyJpZCI6MTgyMywidXJsIjoiaHR0cHM6XC9cL3BlYnMuYmVcL3dwLWNvbnRlbnRcL3VwbG9hZHNcLzIwMjNcLzA3XC8yMDE4MDMwNV8wODU3NDUuanBnIiwic2xpZGVzaG93IjoiYTZhM2M1MiJ9\">\n\t\t\t\t\t<div class=\"e-gallery-image elementor-gallery-item__image\" data-thumbnail=\"https:\/\/pebs.be\/wp-content\/uploads\/2023\/07\/20180305_085745-1024x768.jpg\" data-width=\"1024\" data-height=\"768\" aria-label=\"\" role=\"img\" ><\/div>\n\t\t\t\t\t\t\t\t\t\t\t<div class=\"elementor-gallery-item__overlay\"><\/div>\n\t\t\t\t\t\t\t\t\t\t\t\t\t\t<\/a>\n\t\t\t\t\t\t\t<a class=\"e-gallery-item elementor-gallery-item elementor-animated-content\" href=\"https:\/\/pebs.be\/wp-content\/uploads\/2023\/07\/20230707_122941.jpg\" data-elementor-open-lightbox=\"yes\" data-elementor-lightbox-slideshow=\"a6a3c52\" data-elementor-lightbox-title=\"20230707_122941\" data-e-action-hash=\"#elementor-action%3Aaction%3Dlightbox%26settings%3DeyJpZCI6MTgyNCwidXJsIjoiaHR0cHM6XC9cL3BlYnMuYmVcL3dwLWNvbnRlbnRcL3VwbG9hZHNcLzIwMjNcLzA3XC8yMDIzMDcwN18xMjI5NDEuanBnIiwic2xpZGVzaG93IjoiYTZhM2M1MiJ9\">\n\t\t\t\t\t<div class=\"e-gallery-image elementor-gallery-item__image\" data-thumbnail=\"https:\/\/pebs.be\/wp-content\/uploads\/2023\/07\/20230707_122941-1024x485.jpg\" data-width=\"1024\" data-height=\"485\" aria-label=\"\" role=\"img\" ><\/div>\n\t\t\t\t\t\t\t\t\t\t\t<div class=\"elementor-gallery-item__overlay\"><\/div>\n\t\t\t\t\t\t\t\t\t\t\t\t\t\t<\/a>\n\t\t\t\t\t\t\t<a class=\"e-gallery-item elementor-gallery-item elementor-animated-content\" href=\"https:\/\/pebs.be\/wp-content\/uploads\/2023\/07\/IMG_1274-scaled.jpg\" data-elementor-open-lightbox=\"yes\" data-elementor-lightbox-slideshow=\"a6a3c52\" data-elementor-lightbox-title=\"IMG_1274\" data-e-action-hash=\"#elementor-action%3Aaction%3Dlightbox%26settings%3DeyJpZCI6MTgyNSwidXJsIjoiaHR0cHM6XC9cL3BlYnMuYmVcL3dwLWNvbnRlbnRcL3VwbG9hZHNcLzIwMjNcLzA3XC9JTUdfMTI3NC1zY2FsZWQuanBnIiwic2xpZGVzaG93IjoiYTZhM2M1MiJ9\">\n\t\t\t\t\t<div class=\"e-gallery-image elementor-gallery-item__image\" data-thumbnail=\"https:\/\/pebs.be\/wp-content\/uploads\/2023\/07\/IMG_1274-768x1024.jpg\" data-width=\"768\" data-height=\"1024\" aria-label=\"\" role=\"img\" ><\/div>\n\t\t\t\t\t\t\t\t\t\t\t<div class=\"elementor-gallery-item__overlay\"><\/div>\n\t\t\t\t\t\t\t\t\t\t\t\t\t\t<\/a>\n\t\t\t\t\t\t\t<a class=\"e-gallery-item elementor-gallery-item elementor-animated-content\" href=\"https:\/\/pebs.be\/wp-content\/uploads\/2023\/09\/Oplegger-transportband.jpg\" data-elementor-open-lightbox=\"yes\" data-elementor-lightbox-slideshow=\"a6a3c52\" data-elementor-lightbox-title=\"Oplegger + transportband\" data-e-action-hash=\"#elementor-action%3Aaction%3Dlightbox%26settings%3DeyJpZCI6MTg1MCwidXJsIjoiaHR0cHM6XC9cL3BlYnMuYmVcL3dwLWNvbnRlbnRcL3VwbG9hZHNcLzIwMjNcLzA5XC9PcGxlZ2dlci10cmFuc3BvcnRiYW5kLmpwZyIsInNsaWRlc2hvdyI6ImE2YTNjNTIifQ%3D%3D\">\n\t\t\t\t\t<div class=\"e-gallery-image elementor-gallery-item__image\" data-thumbnail=\"https:\/\/pebs.be\/wp-content\/uploads\/2023\/09\/Oplegger-transportband.jpg\" data-width=\"720\" data-height=\"960\" aria-label=\"\" role=\"img\" ><\/div>\n\t\t\t\t\t\t\t\t\t\t\t<div class=\"elementor-gallery-item__overlay\"><\/div>\n\t\t\t\t\t\t\t\t\t\t\t\t\t\t<\/a>\n\t\t\t\t\t\t\t<a class=\"e-gallery-item elementor-gallery-item elementor-animated-content\" href=\"https:\/\/pebs.be\/wp-content\/uploads\/2023\/09\/Bak-met-originelen.jpg\" data-elementor-open-lightbox=\"yes\" data-elementor-lightbox-slideshow=\"a6a3c52\" data-elementor-lightbox-title=\"Bak met originelen\" data-e-action-hash=\"#elementor-action%3Aaction%3Dlightbox%26settings%3DeyJpZCI6MTg1MSwidXJsIjoiaHR0cHM6XC9cL3BlYnMuYmVcL3dwLWNvbnRlbnRcL3VwbG9hZHNcLzIwMjNcLzA5XC9CYWstbWV0LW9yaWdpbmVsZW4uanBnIiwic2xpZGVzaG93IjoiYTZhM2M1MiJ9\">\n\t\t\t\t\t<div class=\"e-gallery-image elementor-gallery-item__image\" data-thumbnail=\"https:\/\/pebs.be\/wp-content\/uploads\/2023\/09\/Bak-met-originelen.jpg\" data-width=\"852\" data-height=\"640\" aria-label=\"\" role=\"img\" ><\/div>\n\t\t\t\t\t\t\t\t\t\t\t<div class=\"elementor-gallery-item__overlay\"><\/div>\n\t\t\t\t\t\t\t\t\t\t\t\t\t\t<\/a>\n\t\t\t\t\t\t\t<a class=\"e-gallery-item elementor-gallery-item elementor-animated-content\" href=\"https:\/\/pebs.be\/wp-content\/uploads\/2023\/09\/KD-bak-PEBS.jpg\" data-elementor-open-lightbox=\"yes\" data-elementor-lightbox-slideshow=\"a6a3c52\" data-elementor-lightbox-title=\"KD bak PEBS\" data-e-action-hash=\"#elementor-action%3Aaction%3Dlightbox%26settings%3DeyJpZCI6MTg1MiwidXJsIjoiaHR0cHM6XC9cL3BlYnMuYmVcL3dwLWNvbnRlbnRcL3VwbG9hZHNcLzIwMjNcLzA5XC9LRC1iYWstUEVCUy5qcGciLCJzbGlkZXNob3ciOiJhNmEzYzUyIn0%3D\">\n\t\t\t\t\t<div class=\"e-gallery-image elementor-gallery-item__image\" data-thumbnail=\"https:\/\/pebs.be\/wp-content\/uploads\/2023\/09\/KD-bak-PEBS.jpg\" data-width=\"582\" data-height=\"960\" aria-label=\"\" role=\"img\" ><\/div>\n\t\t\t\t\t\t\t\t\t\t\t<div class=\"elementor-gallery-item__overlay\"><\/div>\n\t\t\t\t\t\t\t\t\t\t\t\t\t\t<\/a>\n\t\t\t\t\t\t\t<a class=\"e-gallery-item elementor-gallery-item elementor-animated-content\" href=\"https:\/\/pebs.be\/wp-content\/uploads\/2023\/09\/Trekker-oplegger-PEBS.jpg\" data-elementor-open-lightbox=\"yes\" data-elementor-lightbox-slideshow=\"a6a3c52\" data-elementor-lightbox-title=\"Trekker + oplegger PEBS\" data-e-action-hash=\"#elementor-action%3Aaction%3Dlightbox%26settings%3DeyJpZCI6MTg1MywidXJsIjoiaHR0cHM6XC9cL3BlYnMuYmVcL3dwLWNvbnRlbnRcL3VwbG9hZHNcLzIwMjNcLzA5XC9UcmVra2VyLW9wbGVnZ2VyLVBFQlMuanBnIiwic2xpZGVzaG93IjoiYTZhM2M1MiJ9\">\n\t\t\t\t\t<div class=\"e-gallery-image elementor-gallery-item__image\" data-thumbnail=\"https:\/\/pebs.be\/wp-content\/uploads\/2023\/09\/Trekker-oplegger-PEBS-1024x768.jpg\" data-width=\"1024\" data-height=\"768\" aria-label=\"\" role=\"img\" ><\/div>\n\t\t\t\t\t\t\t\t\t\t\t<div class=\"elementor-gallery-item__overlay\"><\/div>\n\t\t\t\t\t\t\t\t\t\t\t\t\t\t<\/a>\n\t\t\t\t\t\t\t<a class=\"e-gallery-item elementor-gallery-item elementor-animated-content\" href=\"https:\/\/pebs.be\/wp-content\/uploads\/2023\/09\/IMG_0125.jpg\" data-elementor-open-lightbox=\"yes\" data-elementor-lightbox-slideshow=\"a6a3c52\" data-elementor-lightbox-title=\"IMG_0125\" data-e-action-hash=\"#elementor-action%3Aaction%3Dlightbox%26settings%3DeyJpZCI6MTg1NCwidXJsIjoiaHR0cHM6XC9cL3BlYnMuYmVcL3dwLWNvbnRlbnRcL3VwbG9hZHNcLzIwMjNcLzA5XC9JTUdfMDEyNS5qcGciLCJzbGlkZXNob3ciOiJhNmEzYzUyIn0%3D\">\n\t\t\t\t\t<div class=\"e-gallery-image elementor-gallery-item__image\" data-thumbnail=\"https:\/\/pebs.be\/wp-content\/uploads\/2023\/09\/IMG_0125-1024x768.jpg\" data-width=\"1024\" data-height=\"768\" aria-label=\"\" role=\"img\" ><\/div>\n\t\t\t\t\t\t\t\t\t\t\t<div class=\"elementor-gallery-item__overlay\"><\/div>\n\t\t\t\t\t\t\t\t\t\t\t\t\t\t<\/a>\n\t\t\t\t\t\t\t<a class=\"e-gallery-item elementor-gallery-item elementor-animated-content\" href=\"https:\/\/pebs.be\/wp-content\/uploads\/2023\/09\/DSC01633.jpg\" data-elementor-open-lightbox=\"yes\" data-elementor-lightbox-slideshow=\"a6a3c52\" data-elementor-lightbox-title=\"DSC01633\" data-e-action-hash=\"#elementor-action%3Aaction%3Dlightbox%26settings%3DeyJpZCI6MTg1NSwidXJsIjoiaHR0cHM6XC9cL3BlYnMuYmVcL3dwLWNvbnRlbnRcL3VwbG9hZHNcLzIwMjNcLzA5XC9EU0MwMTYzMy5qcGciLCJzbGlkZXNob3ciOiJhNmEzYzUyIn0%3D\">\n\t\t\t\t\t<div class=\"e-gallery-image elementor-gallery-item__image\" data-thumbnail=\"https:\/\/pebs.be\/wp-content\/uploads\/2023\/09\/DSC01633-685x1024.jpg\" data-width=\"685\" data-height=\"1024\" aria-label=\"\" role=\"img\" ><\/div>\n\t\t\t\t\t\t\t\t\t\t\t<div class=\"elementor-gallery-item__overlay\"><\/div>\n\t\t\t\t\t\t\t\t\t\t\t\t\t\t<\/a>\n\t\t\t\t\t\t\t<a class=\"e-gallery-item elementor-gallery-item elementor-animated-content\" href=\"https:\/\/pebs.be\/wp-content\/uploads\/2023\/09\/Kalmar-met-container.jpg\" data-elementor-open-lightbox=\"yes\" data-elementor-lightbox-slideshow=\"a6a3c52\" data-elementor-lightbox-title=\"Kalmar met container\" data-e-action-hash=\"#elementor-action%3Aaction%3Dlightbox%26settings%3DeyJpZCI6MTg1NiwidXJsIjoiaHR0cHM6XC9cL3BlYnMuYmVcL3dwLWNvbnRlbnRcL3VwbG9hZHNcLzIwMjNcLzA5XC9LYWxtYXItbWV0LWNvbnRhaW5lci5qcGciLCJzbGlkZXNob3ciOiJhNmEzYzUyIn0%3D\">\n\t\t\t\t\t<div class=\"e-gallery-image elementor-gallery-item__image\" data-thumbnail=\"https:\/\/pebs.be\/wp-content\/uploads\/2023\/09\/Kalmar-met-container-768x1024.jpg\" data-width=\"768\" data-height=\"1024\" aria-label=\"\" role=\"img\" ><\/div>\n\t\t\t\t\t\t\t\t\t\t\t<div class=\"elementor-gallery-item__overlay\"><\/div>\n\t\t\t\t\t\t\t\t\t\t\t\t\t\t<\/a>\n\t\t\t\t\t\t\t<a class=\"e-gallery-item elementor-gallery-item elementor-animated-content\" href=\"https:\/\/pebs.be\/wp-content\/uploads\/2023\/09\/IMG_1841-scaled.jpg\" data-elementor-open-lightbox=\"yes\" data-elementor-lightbox-slideshow=\"a6a3c52\" data-elementor-lightbox-title=\"IMG_1841\" data-e-action-hash=\"#elementor-action%3Aaction%3Dlightbox%26settings%3DeyJpZCI6MTg1NywidXJsIjoiaHR0cHM6XC9cL3BlYnMuYmVcL3dwLWNvbnRlbnRcL3VwbG9hZHNcLzIwMjNcLzA5XC9JTUdfMTg0MS1zY2FsZWQuanBnIiwic2xpZGVzaG93IjoiYTZhM2M1MiJ9\">\n\t\t\t\t\t<div class=\"e-gallery-image elementor-gallery-item__image\" data-thumbnail=\"https:\/\/pebs.be\/wp-content\/uploads\/2023\/09\/IMG_1841-768x1024.jpg\" data-width=\"768\" data-height=\"1024\" aria-label=\"\" role=\"img\" ><\/div>\n\t\t\t\t\t\t\t\t\t\t\t<div class=\"elementor-gallery-item__overlay\"><\/div>\n\t\t\t\t\t\t\t\t\t\t\t\t\t\t<\/a>\n\t\t\t\t\t\t\t<a class=\"e-gallery-item elementor-gallery-item elementor-animated-content\" href=\"https:\/\/pebs.be\/wp-content\/uploads\/2023\/09\/IMG_1272-scaled.jpg\" data-elementor-open-lightbox=\"yes\" data-elementor-lightbox-slideshow=\"a6a3c52\" data-elementor-lightbox-title=\"IMG_1272\" data-e-action-hash=\"#elementor-action%3Aaction%3Dlightbox%26settings%3DeyJpZCI6MTg1OCwidXJsIjoiaHR0cHM6XC9cL3BlYnMuYmVcL3dwLWNvbnRlbnRcL3VwbG9hZHNcLzIwMjNcLzA5XC9JTUdfMTI3Mi1zY2FsZWQuanBnIiwic2xpZGVzaG93IjoiYTZhM2M1MiJ9\">\n\t\t\t\t\t<div class=\"e-gallery-image elementor-gallery-item__image\" data-thumbnail=\"https:\/\/pebs.be\/wp-content\/uploads\/2023\/09\/IMG_1272-768x1024.jpg\" data-width=\"768\" data-height=\"1024\" aria-label=\"\" role=\"img\" ><\/div>\n\t\t\t\t\t\t\t\t\t\t\t<div class=\"elementor-gallery-item__overlay\"><\/div>\n\t\t\t\t\t\t\t\t\t\t\t\t\t\t<\/a>\n\t\t\t\t\t<\/div>\n\t\t\t\t\t<\/div>\n\t\t\t\t<\/div>\n\t\t\t\t\t<\/div>\n\t\t<\/div>\n\t\t\t\t\t<\/div>\n\t\t<\/section>\n\t\t\t\t<\/div>","protected":false},"excerpt":{"rendered":"<p>Tweedehands kleding Over ons PEBS Group is \u00e9\u00e9n van de grootste opkopers van tweedehands kleding en schoenen in Belgi\u00eb. Onze hoofdzetel bevindt zich in Hamont, Belgi\u00eb Door onze jarenlange ervaring in de textielsector kunnen we onze klanten altijd kwalitatieve producten aanbieden. Elk kledingstuk wordt zorgvuldig gecontroleerd en nagekeken door onze team ervaren medewerkers. Hiermee zorgen [&hellip;]<\/p>\n","protected":false},"author":1,"featured_media":0,"parent":0,"menu_order":0,"comment_status":"closed","ping_status":"closed","template":"","meta":{"site-sidebar-layout":"no-sidebar","site-content-layout":"page-builder","ast-site-content-layout":"default","site-content-style":"default","site-sidebar-style":"default","ast-global-header-display":"","ast-banner-title-visibility":"","ast-main-header-display":"","ast-hfb-above-header-display":"","ast-hfb-below-header-display":"","ast-hfb-mobile-header-display":"","site-post-title":"disabled","ast-breadcrumbs-content":"","ast-featured-img":"disabled","footer-sml-layout":"","ast-disable-related-posts":"","theme-transparent-header-meta":"enabled","adv-header-id-meta":"","stick-header-meta":"","header-above-stick-meta":"","header-main-stick-meta":"","header-below-stick-meta":"","astra-migrate-meta-layouts":"default","ast-page-background-enabled":"default","ast-page-background-meta":{"desktop":{"background-color":"","background-image":"","background-repeat":"repeat","background-position":"center center","background-size":"auto","background-attachment":"scroll","background-type":"","background-media":"","overlay-type":"","overlay-color":"","overlay-opacity":"","overlay-gradient":""},"tablet":{"background-color":"","background-image":"","background-repeat":"repeat","background-position":"center center","background-size":"auto","background-attachment":"scroll","background-type":"","background-media":"","overlay-type":"","overlay-color":"","overlay-opacity":"","overlay-gradient":""},"mobile":{"background-color":"","background-image":"","background-repeat":"repeat","background-position":"center center","background-size":"auto","background-attachment":"scroll","background-type":"","background-media":"","overlay-type":"","overlay-color":"","overlay-opacity":"","overlay-gradient":""}},"ast-content-background-meta":{"desktop":{"background-color":"var(--ast-global-color-5)","background-image":"","background-repeat":"repeat","background-position":"center center","background-size":"auto","background-attachment":"scroll","background-type":"","background-media":"","overlay-type":"","overlay-color":"","overlay-opacity":"","overlay-gradient":""},"tablet":{"background-color":"var(--ast-global-color-5)","background-image":"","background-repeat":"repeat","background-position":"center center","background-size":"auto","background-attachment":"scroll","background-type":"","background-media":"","overlay-type":"","overlay-color":"","overlay-opacity":"","overlay-gradient":""},"mobile":{"background-color":"var(--ast-global-color-5)","background-image":"","background-repeat":"repeat","background-position":"center center","background-size":"auto","background-attachment":"scroll","background-type":"","background-media":"","overlay-type":"","overlay-color":"","overlay-opacity":"","overlay-gradient":""}},"footnotes":""},"class_list":["post-119","page","type-page","status-publish","hentry"],"_links":{"self":[{"href":"https:\/\/pebs.be\/fr\/wp-json\/wp\/v2\/pages\/119","targetHints":{"allow":["GET"]}}],"collection":[{"href":"https:\/\/pebs.be\/fr\/wp-json\/wp\/v2\/pages"}],"about":[{"href":"https:\/\/pebs.be\/fr\/wp-json\/wp\/v2\/types\/page"}],"author":[{"embeddable":true,"href":"https:\/\/pebs.be\/fr\/wp-json\/wp\/v2\/users\/1"}],"replies":[{"embeddable":true,"href":"https:\/\/pebs.be\/fr\/wp-json\/wp\/v2\/comments?post=119"}],"version-history":[{"count":128,"href":"https:\/\/pebs.be\/fr\/wp-json\/wp\/v2\/pages\/119\/revisions"}],"predecessor-version":[{"id":1888,"href":"https:\/\/pebs.be\/fr\/wp-json\/wp\/v2\/pages\/119\/revisions\/1888"}],"wp:attachment":[{"href":"https:\/\/pebs.be\/fr\/wp-json\/wp\/v2\/media?parent=119"}],"curies":[{"name":"wp","href":"https:\/\/api.w.org\/{rel}","templated":true}]}}